{"id":131,"date":"2021-06-08T13:17:11","date_gmt":"2021-06-08T13:17:11","guid":{"rendered":"https:\/\/rdts.ca\/?page_id=131"},"modified":"2023-10-13T10:40:18","modified_gmt":"2023-10-13T14:40:18","slug":"ventes","status":"publish","type":"page","link":"https:\/\/rdts.ca\/fr\/ventes\/","title":{"rendered":"Ventes"},"content":{"rendered":"\n<h1>\n\t\tRechercher une soci\u00e9t\u00e9 d&rsquo;externalisation des ventes aujourd&rsquo;hui\n\t<\/h1>\n\t<p>L&rsquo;externalisation des ventes a montr\u00e9 qu&rsquo;elle apportait de nombreux avantages aux entreprises de toutes tailles dans le monde entier ; elle a m\u00eame donn\u00e9 naissance \u00e0 un nouveau secteur d&rsquo;organisations qui fournissent des solutions essentielles en mati\u00e8re de vente au d\u00e9tail. En tant que soci\u00e9t\u00e9 d&rsquo;externalisation des ventes, nous faisons partie de votre \u00e9quipe. Nous travaillons avec vous \u00e0 chaque \u00e9tape du processus, en \u00e9troite collaboration avec vous pour obtenir des r\u00e9sultats transparents et mesur\u00e9s gr\u00e2ce \u00e0 l&rsquo;utilisation de notre plateforme d&rsquo;intelligence op\u00e9rationnelle, Cube\u00ae.<\/p>\n<p>D&rsquo;un point de vue statistique, 45 % des entreprises de 29 pays industrialis\u00e9s confirment qu&rsquo;elles feront appel \u00e0 une \u00e9quipe de vente externalis\u00e9e au lieu d&rsquo;augmenter leurs ressources humaines internes au cours des deux prochaines ann\u00e9es. De plus, 62% des entreprises interrog\u00e9es ont mentionn\u00e9 que l&rsquo;acc\u00e8s \u00e0 la main d&rsquo;\u0153uvre et la flexibilit\u00e9 des ressources sont les principales raisons pour lesquelles elles font appel \u00e0 une soci\u00e9t\u00e9 d&rsquo;externalisation des ventes.<\/p>\n\t\t\t<a href=\"https:\/\/rdts.ca\/fr\/nous-contacter\/\" target=\"_self\" role=\"button\" rel=\"noopener\">\n\t\t\t\t\t\t\tObtenir un devis\n\t\t\t\t\t<\/a>\n\t\t\t\t<img loading=\"lazy\" decoding=\"async\" src=\"https:\/\/rdts.ca\/wp-content\/uploads\/2021\/09\/Ventes-Scene-2.png\" alt=\"Ventes Scene 2\" itemprop=\"image\" height=\"763\" width=\"807\" title=\"Ventes Scene 2\" onerror=\"this.style.display='none'\"  \/>\n\t\t\t\t<img loading=\"lazy\" decoding=\"async\" src=\"https:\/\/rdts.ca\/wp-content\/uploads\/2021\/09\/Ventes-Scene.png\" alt=\"Ventes Scene\" itemprop=\"image\" height=\"763\" width=\"807\" title=\"Ventes Scene\" onerror=\"this.style.display='none'\"  \/>\n<h2>\n\t\tLes avantages d&rsquo;un partenariat avec une \u00e9quipe de vente externalis\u00e9e\n\t<\/h2>\n\t<p>Une \u00e9quipe de vente externalis\u00e9e peut aider une entreprise \u00e0 explorer des possibilit\u00e9s inexploit\u00e9es dans de nouveaux domaines. Il est difficile pour votre \u00e9quipe d\u00e9j\u00e0 bien occup\u00e9e de surmonter les obstacles technologiques, ou peut-\u00eatre n&rsquo;avez-vous pas assez de personnel pour \u00eatre comp\u00e9titif ? L&rsquo;externalisation des ventes peut \u00e9galement permettre aux entreprises de gagner du temps ou de l&rsquo;argent si elles souhaitent se d\u00e9velopper rapidement sans embaucher de nouveaux employ\u00e9s \u00e0 temps plein. En outre, le point de vue d&rsquo;une soci\u00e9t\u00e9 d&rsquo;externalisation des ventes est toujours utile, car il peut \u00eatre difficile pour vos employ\u00e9s d&rsquo;essayer quelque chose de nouveau.<\/p>\n<p>Les avantages d&rsquo;un partenariat avec une \u00e9quipe de vente externalis\u00e9e, comme RDTS, sont multiples et consid\u00e9rables. En externalisant avec RDTS, nous nous concentrons sur le contr\u00f4le des co\u00fbts d&rsquo;exploitation, le d\u00e9ploiement instantan\u00e9 de professionnels de la vente, l&rsquo;adaptation \u00e0 la strat\u00e9gie du client, le r\u00e9seau de contacts \u00e9tablis, le contact et la gestion des grands comptes et des comptes r\u00e9gionaux, l&rsquo;optimisation de la couverture g\u00e9ographique des d\u00e9taillants, les \u00e9conomies et le retour sur investissement, les rapports, le suivi et l&rsquo;analyse via Cube\u00ae.<\/p>\n\t\t\t<a href=\"\" target=\"_self\" role=\"button\" rel=\"noopener\">\n\t\t\t\t\t\t\tParles-nous\n\t\t\t\t\t<\/a>\n<h2>\n\t\tSolutions de ventes en commerce de d\u00e9tail\n\t<\/h2>\n\t<p>RDTS propose des solutions Ventes sur mesure telles que :<\/p>\n\t\t\t<a href=\"#\" id=\"fl-accordion--label-0\" tabindex=\"0\" aria-controls=\"fl-accordion--panel-0\">Placement de produits<\/a>\n\t\t\t\t\t\t\t<a href=\"#\" id=\"fl-accordion--icon-0\" tabindex=\"0\" aria-controls=\"fl-accordion--panel-0\"><i>Expand<\/i><\/a>\n\t\t<p>Nous nous \u00e9panouissons en introduisant de nouvelles lignes de produits. Votre positionnement est-il comparatif (valeur), de diff\u00e9renciation (comment vous d\u00e9marquer) ou de segmentation (march\u00e9s de masse ou cibl\u00e9s) ? Nous \u00e9laborons une strat\u00e9gie en fonction de vos objectifs.<\/p>\n\t\t\t<a href=\"#\" id=\"fl-accordion--label-1\" tabindex=\"0\" aria-controls=\"fl-accordion--panel-1\">Prise de commande<\/a>\n\t\t\t\t\t\t\t<a href=\"#\" id=\"fl-accordion--icon-1\" tabindex=\"0\" aria-controls=\"fl-accordion--panel-1\"><i>Expand<\/i><\/a>\n\t\t<p>Nos repr\u00e9sentants commerciaux peuvent r\u00e9diger une commande ou fournir des recommandations \u00e0 un revendeur pour \u00e9viter les ruptures de stock.<\/p>\n\t\t\t<a href=\"#\" id=\"fl-accordion--label-2\" tabindex=\"0\" aria-controls=\"fl-accordion--panel-2\">D\u00e9monstration produits<\/a>\n\t\t\t\t\t\t\t<a href=\"#\" id=\"fl-accordion--icon-2\" tabindex=\"0\" aria-controls=\"fl-accordion--panel-2\"><i>Expand<\/i><\/a>\n\t\t<p>Une pr\u00e9sentation sans d\u00e9monstration n&rsquo;est qu&rsquo;une conversation. Pr\u00e9senter des produits conduit \u00e0 l&rsquo;acte d&rsquo;achat<\/p>\n\t\t\t<a href=\"#\" id=\"fl-accordion--label-3\" tabindex=\"0\" aria-controls=\"fl-accordion--panel-3\">Ambassadeur de marque<\/a>\n\t\t\t\t\t\t\t<a href=\"#\" id=\"fl-accordion--icon-3\" tabindex=\"0\" aria-controls=\"fl-accordion--panel-3\"><i>Expand<\/i><\/a>\n\t\t<p>Notre \u00e9quipe de vente professionnelle dispose des outils n\u00e9cessaires &#8211; dynamisme, connaissance du secteur et d\u00e9vouement &#8211; pour promouvoir votre produit.<\/p>\n\t\t\t<a href=\"#\" id=\"fl-accordion--label-4\" tabindex=\"0\" aria-controls=\"fl-accordion--panel-4\">Lancement strat\u00e9gique de nouveaux produits<\/a>\n\t\t\t\t\t\t\t<a href=\"#\" id=\"fl-accordion--icon-4\" tabindex=\"0\" aria-controls=\"fl-accordion--panel-4\"><i>Expand<\/i><\/a>\n\t\t<p>Nous identifions le meilleur moment, le bon client et les r\u00e9sultats attendus.<\/p>\n\t\t\t<a href=\"#\" id=\"fl-accordion--label-5\" tabindex=\"0\" aria-controls=\"fl-accordion--panel-5\">D\u00e9veloppement de marque<\/a>\n\t\t\t\t\t\t\t<a href=\"#\" id=\"fl-accordion--icon-5\" tabindex=\"0\" aria-controls=\"fl-accordion--panel-5\"><i>Expand<\/i><\/a>\n\t\t<p>Notre \u00e9quipe de vente d\u00e9veloppera la notori\u00e9t\u00e9 de la marque aupr\u00e8s des revendeurs par le biais de diverses strat\u00e9gies telles que les d\u00e9monstrations en magasin et les meilleures pratiques de merchandising.<\/p>\n\t\t\t<a href=\"#\" id=\"fl-accordion--label-6\" tabindex=\"0\" aria-controls=\"fl-accordion--panel-6\">Formation produits<\/a>\n\t\t\t\t\t\t\t<a href=\"#\" id=\"fl-accordion--icon-6\" tabindex=\"0\" aria-controls=\"fl-accordion--panel-6\"><i>Expand<\/i><\/a>\n\t\t<p>Comment les vendeurs en magasins peuvent-ils proposer votre produit s&rsquo;ils ne le connaissent pas bien ? Nous fournirons \u00e0 vos employ\u00e9s des connaissances sur les produits, ce qui les rendra plus autonomes et leur donnera confiance en eux.<\/p>\n\t\t\t<a href=\"#\" id=\"fl-accordion--label-7\" tabindex=\"0\" aria-controls=\"fl-accordion--panel-7\">N\u00e9gociation centrales<\/a>\n\t\t\t\t\t\t\t<a href=\"#\" id=\"fl-accordion--icon-7\" tabindex=\"0\" aria-controls=\"fl-accordion--panel-7\"><i>Expand<\/i><\/a>\n\t\t<p>Notre \u00e9quipe de gestion est en contact avec tous les principaux commer\u00e7ants et entretient d\u00e9j\u00e0 des relations \u00e9troites avec de nombreux responsables de cat\u00e9gories.<\/p>\n\t\t\t<a href=\"#\" id=\"fl-accordion--label-8\" tabindex=\"0\" aria-controls=\"fl-accordion--panel-8\">Reporting en temps r\u00e9el<\/a>\n\t\t\t\t\t\t\t<a href=\"#\" id=\"fl-accordion--icon-8\" tabindex=\"0\" aria-controls=\"fl-accordion--panel-8\"><i>Expand<\/i><\/a>\n\t\t<p>Nos missions sur mesure sur notre plateforme de reporting in\u00e9gal\u00e9e, vous permettent de suivre l&rsquo;engagement de notre \u00e9quipe avec vos produits. En num\u00e9risant nos appels, nous pouvons extraire des donn\u00e9es adapt\u00e9es \u00e0 vos besoins sp\u00e9cifiques.<\/p>\n\t\t\t<a href=\"#\" id=\"fl-accordion--label-9\" tabindex=\"0\" aria-controls=\"fl-accordion--panel-9\">Participation \u00e0 des salons professionnels<\/a>\n\t\t\t\t\t\t\t<a href=\"#\" id=\"fl-accordion--icon-9\" tabindex=\"0\" aria-controls=\"fl-accordion--panel-9\"><i>Expand<\/i><\/a>\n\t\t<p>Notre \u00e9quipe de vente assistera \u00e0 tous les salons professionnels auxquels votre participation est requise. Gr\u00e2ce \u00e0 notre approche proactive, nous optimiserons vos ressources, tant financi\u00e8res que temporelles, associ\u00e9es \u00e0 ces \u00e9v\u00e9nements.<\/p>\n<h2>\n\t\tPourquoi choisir RDTS comme soci\u00e9t\u00e9 d&rsquo;externalisation des ventes ?\n\t<\/h2>\n\t<p>RDTS reste une excellente alternative pour tous les fabricants souhaitant se positionner rapidement et efficacement sur un march\u00e9 sp\u00e9cifique. Notre \u00e9quipe de vente externalis\u00e9e devient vos ambassadeurs et est l&rsquo;acc\u00e9l\u00e9rateur de croissance de vos produits gr\u00e2ce \u00e0 des solutions de vente au d\u00e9tail sur mesure. Disponible, \u00e9conomique et flexible pour les industriels, notre \u00e9quipe de vente interne s&rsquo;adapte \u00e0 vos enjeux commerciaux, \u00e0 court ou long terme, en assurant rapidement des \u00e9changes commerciaux avec les d\u00e9cideurs et surtout des r\u00e9sultats de vente bas\u00e9s sur une approche ROI. Constituer une \u00e9quipe professionnelle de vente au d\u00e9tail prend du temps et de l&rsquo;argent. Nous pouvons vous aider \u00e0 mettre en place cette \u00e9quipe d\u00e9di\u00e9e.<\/p>\n<p>Notre soci\u00e9t\u00e9 de vente externalis\u00e9e collabore avec les associ\u00e9s des magasins de d\u00e9tail pour engager les clients, d\u00e9montrer son expertise, faire des recommandations cibl\u00e9es et, surtout, aider \u00e0 conclure des ventes.<\/p>\n<p>La combinaison d&rsquo;une \u00e9quipe de vente externalis\u00e9e avec nos <a href=\"https:\/\/rdts.ca\/fr\/marchandisage\/\">services de merchandising de d\u00e9tail<\/a> et nos <a href=\"https:\/\/rdts.ca\/fr\/audit\/\">audits de merchandising<\/a> peut avoir un impact positif sur vos r\u00e9sultats.<\/p>\n<h2>\n\t\tCe qu&rsquo;en pensent nos clients\n\t<\/h2>\n\t<p>\u00ab\u00a0RDTS est un \u00e9l\u00e9ment important de notre mod\u00e8le d&rsquo;entreprise. En tant qu&rsquo;entreprise bas\u00e9e aux \u00c9tats-Unis, nous avons besoin d&rsquo;une pr\u00e9sence plus importante au Canada. L&rsquo;\u00e9quipe de RDTS fournit des professionnels de la vente qui sont des ambassadeurs de la marque de nos produits et qui contribuent \u00e0 la croissance. En ce qui concerne le soutien administratif, les rapports et l&rsquo;approche pratique, je suis convaincue que RDTS a une strat\u00e9gie gagnante pour aider \u00e0 positionner nos produits sur les bons march\u00e9s et \u00e0 prendre des parts de march\u00e9 dans l&rsquo;industrie\u00a0\u00bb<\/p>\nJodi Smith<br \/>\nVice-pr\u00e9sidente des ventes au d\u00e9tail<br \/>\nOnduline Am\u00e9rique du Nord\n<h2>\n\t\tVous voulez en savoir plus sur nos solutions Ventes ?\n\t<\/h2>\n\t<div class=\"frm_forms  with_frm_style frm_style_formidable-style\" id=\"frm_form_4_container\" data-token=\"28f7e32950bf724bddf9487f548bd5fe\">\n<form enctype=\"multipart\/form-data\" method=\"post\" class=\"frm-show-form  frm_js_validate  frm_ajax_submit  frm_pro_form \" id=\"form_business\" data-token=\"28f7e32950bf724bddf9487f548bd5fe\">\n<div class=\"frm_form_fields \">\n<fieldset>\n<legend class=\"frm_screen_reader\">Business form<\/legend>\r\n\r\n<div class=\"frm_fields_container\">\n<input type=\"hidden\" name=\"frm_action\" value=\"create\" \/>\n<input type=\"hidden\" name=\"form_id\" value=\"4\" \/>\n<input type=\"hidden\" name=\"frm_hide_fields_4\" id=\"frm_hide_fields_4\" value=\"\" \/>\n<input type=\"hidden\" name=\"form_key\" value=\"business\" \/>\n<input type=\"hidden\" name=\"item_meta[0]\" value=\"\" \/>\n<input type=\"hidden\" id=\"frm_submit_entry_4\" name=\"frm_submit_entry_4\" value=\"8b561f290b\" \/><input type=\"hidden\" name=\"_wp_http_referer\" value=\"\/fr\/wp-json\/wp\/v2\/pages\/131\" \/><div id=\"frm_field_26_container\" class=\"frm_form_field form-field  frm_required_field frm_top_container frm_half\">\r\n    <label for=\"field_vhh9u\" id=\"field_vhh9u_label\" class=\"frm_primary_label\">Nom\r\n        <span class=\"frm_required\" aria-hidden=\"true\">*<\/span>\r\n    <\/label>\r\n    <input  type=\"text\" id=\"field_vhh9u\" name=\"item_meta[26]\" value=\"\"  data-reqmsg=\"Nom cannot be blank.\" aria-required=\"true\" data-invmsg=\"Text is invalid\" aria-invalid=\"false\"   \/>\r\n    \r\n    \r\n<\/div>\n<div id=\"frm_field_27_container\" class=\"frm_form_field form-field  frm_top_container frm_half\">\r\n    <label for=\"field_jz5k8\" id=\"field_jz5k8_label\" class=\"frm_primary_label\">T\u00e9l\u00e9phone\r\n        <span class=\"frm_required\" aria-hidden=\"true\"><\/span>\r\n    <\/label>\r\n    <input  type=\"text\" id=\"field_jz5k8\" name=\"item_meta[27]\" value=\"\"  data-invmsg=\"Number is invalid\" aria-invalid=\"false\"   \/>\r\n    \r\n    \r\n<\/div>\n<div id=\"frm_field_28_container\" class=\"frm_form_field form-field  frm_required_field frm_top_container frm_half\">\r\n    <label for=\"field_3pxob\" id=\"field_3pxob_label\" class=\"frm_primary_label\">Compagnie\r\n        <span class=\"frm_required\" aria-hidden=\"true\">*<\/span>\r\n    <\/label>\r\n    <input  type=\"text\" id=\"field_3pxob\" name=\"item_meta[28]\" value=\"\"  data-reqmsg=\"Compagnie cannot be blank.\" aria-required=\"true\" data-invmsg=\"Text is invalid\" aria-invalid=\"false\"   \/>\r\n    \r\n    \r\n<\/div>\n<div id=\"frm_field_29_container\" class=\"frm_form_field form-field  frm_required_field frm_top_container frm_half\">\r\n    <label for=\"field_hggk0\" id=\"field_hggk0_label\" class=\"frm_primary_label\">Courriel\r\n        <span class=\"frm_required\" aria-hidden=\"true\">*<\/span>\r\n    <\/label>\r\n    <input type=\"email\" id=\"field_hggk0\" name=\"item_meta[29]\" value=\"\"  data-reqmsg=\"Courriel cannot be blank.\" aria-required=\"true\" data-invmsg=\"Email is invalid\" aria-invalid=\"false\"  \/>\r\n    \r\n    \r\n<\/div>\n<div id=\"frm_field_30_container\" class=\"frm_form_field form-field  frm_top_container\">\r\n    <label for=\"field_brong\" id=\"field_brong_label\" class=\"frm_primary_label\">Message\r\n        <span class=\"frm_required\" aria-hidden=\"true\"><\/span>\r\n    <\/label>\r\n    <textarea name=\"item_meta[30]\" id=\"field_brong\" rows=\"5\"  data-invmsg=\"Message est non valide\" aria-invalid=\"false\"  ><\/textarea>\r\n    \r\n    \r\n<\/div>\n<div id=\"frm_field_310_container\" class=\"frm_form_field form-field  frm_none_container\">\r\n    <label for=\"g-recaptcha-response\" id=\"field_afpw5_label\" class=\"frm_primary_label\">reCAPTCHA\r\n        <span class=\"frm_required\" aria-hidden=\"true\"><\/span>\r\n    <\/label>\r\n    <div  id=\"field_afpw5\" class=\"frm-g-recaptcha\" data-sitekey=\"6LeL-bkcAAAAAN646l2NwBqgeQhkau5LKZWT3vbG\" data-size=\"invisible\" data-theme=\"light\"><\/div>\r\n    \r\n    \r\n<\/div>\n<div id=\"frm_field_323_container\" class=\"frm_form_field form-field \">\n\t<div class=\"frm_submit\">\r\n\r\n<button class=\"frm_button_submit frm_final_submit\" type=\"submit\"   formnovalidate=\"formnovalidate\">Contactez-nous vite<\/button>\r\n\r\n<\/div>\n<\/div>\n\t<input type=\"hidden\" name=\"item_key\" value=\"\" \/>\n\t\t\t<div id=\"frm_field_328_container\">\n\t\t\t<label for=\"field_lmp72\" >\n\t\t\t\tSi vous \u00eates un humain, ne remplissez pas ce champ.\t\t\t<\/label>\n\t\t\t<input  id=\"field_lmp72\" type=\"text\" class=\"frm_form_field form-field frm_verify\" name=\"item_meta[328]\" value=\"\"  \/>\n\t\t<\/div>\n\t\t<input name=\"frm_state\" type=\"hidden\" value=\"Ni5gP3OAHfWkZv0l2EUQC4HMDckQcSTnj8XkhZm5r01dzHviy00wUrHJyDw5G7L6\" \/><\/div>\n<\/fieldset>\n<\/div>\n\n<\/form>\n<\/div>\n\n\n","protected":false},"excerpt":{"rendered":"<p>Rechercher une soci\u00e9t\u00e9 d&rsquo;externalisation des ventes aujourd&rsquo;hui L&rsquo;externalisation des ventes a montr\u00e9 qu&rsquo;elle apportait de nombreux avantages aux entreprises de toutes tailles dans le monde entier ; elle a m\u00eame donn\u00e9 naissance \u00e0 un nouveau secteur d&rsquo;organisations qui fournissent des solutions essentielles en mati\u00e8re de vente au d\u00e9tail. En tant que soci\u00e9t\u00e9 d&rsquo;externalisation des ventes,&hellip;<\/p>\n","protected":false},"author":1,"featured_media":0,"parent":0,"menu_order":0,"comment_status":"closed","ping_status":"closed","template":"","meta":{"footnotes":""},"class_list":["post-131","page","type-page","status-publish","hentry"],"yoast_head":"<!-- This site is optimized with the Yoast SEO plugin v27.4 - https:\/\/yoast.com\/product\/yoast-seo-wordpress\/ -->\n<title>Ventes - RDTS<\/title>\n<meta name=\"robots\" content=\"index, follow, max-snippet:-1, max-image-preview:large, max-video-preview:-1\" \/>\n<link rel=\"canonical\" href=\"https:\/\/rdts.ca\/fr\/ventes\/\" \/>\n<meta property=\"og:locale\" content=\"fr_FR\" \/>\n<meta property=\"og:type\" content=\"article\" \/>\n<meta property=\"og:title\" content=\"Ventes - RDTS\" \/>\n<meta property=\"og:description\" content=\"Rechercher une soci\u00e9t\u00e9 d&rsquo;externalisation des ventes aujourd&rsquo;hui L&rsquo;externalisation des ventes a montr\u00e9 qu&rsquo;elle apportait de nombreux avantages aux entreprises de toutes tailles dans le monde entier ; elle a m\u00eame donn\u00e9 naissance \u00e0 un nouveau secteur d&rsquo;organisations qui fournissent des solutions essentielles en mati\u00e8re de vente au d\u00e9tail. En tant que soci\u00e9t\u00e9 d&rsquo;externalisation des ventes,&hellip;\" \/>\n<meta property=\"og:url\" content=\"https:\/\/rdts.ca\/fr\/ventes\/\" \/>\n<meta property=\"og:site_name\" content=\"RDTS\" \/>\n<meta property=\"article:modified_time\" content=\"2023-10-13T14:40:18+00:00\" \/>\n<meta property=\"og:image\" content=\"http:\/\/rdts.ca\/wp-content\/uploads\/2021\/09\/Ventes-Scene-2.png\" \/>\n<meta name=\"twitter:card\" content=\"summary_large_image\" \/>\n<meta name=\"twitter:label1\" content=\"Dur\u00e9e de lecture estim\u00e9e\" \/>\n\t<meta name=\"twitter:data1\" content=\"5 minutes\" \/>\n<script type=\"application\/ld+json\" class=\"yoast-schema-graph\">{\"@context\":\"https:\\\/\\\/schema.org\",\"@graph\":[{\"@type\":\"WebPage\",\"@id\":\"https:\\\/\\\/rdts.ca\\\/fr\\\/ventes\\\/\",\"url\":\"https:\\\/\\\/rdts.ca\\\/fr\\\/ventes\\\/\",\"name\":\"Ventes - RDTS\",\"isPartOf\":{\"@id\":\"https:\\\/\\\/rdts.ca\\\/#website\"},\"primaryImageOfPage\":{\"@id\":\"https:\\\/\\\/rdts.ca\\\/fr\\\/ventes\\\/#primaryimage\"},\"image\":{\"@id\":\"https:\\\/\\\/rdts.ca\\\/fr\\\/ventes\\\/#primaryimage\"},\"thumbnailUrl\":\"https:\\\/\\\/rdts.ca\\\/wp-content\\\/uploads\\\/2021\\\/09\\\/Ventes-Scene-2.png\",\"datePublished\":\"2021-06-08T13:17:11+00:00\",\"dateModified\":\"2023-10-13T14:40:18+00:00\",\"breadcrumb\":{\"@id\":\"https:\\\/\\\/rdts.ca\\\/fr\\\/ventes\\\/#breadcrumb\"},\"inLanguage\":\"fr-FR\",\"potentialAction\":[{\"@type\":\"ReadAction\",\"target\":[\"https:\\\/\\\/rdts.ca\\\/fr\\\/ventes\\\/\"]}]},{\"@type\":\"ImageObject\",\"inLanguage\":\"fr-FR\",\"@id\":\"https:\\\/\\\/rdts.ca\\\/fr\\\/ventes\\\/#primaryimage\",\"url\":\"https:\\\/\\\/rdts.ca\\\/wp-content\\\/uploads\\\/2021\\\/09\\\/Ventes-Scene-2.png\",\"contentUrl\":\"https:\\\/\\\/rdts.ca\\\/wp-content\\\/uploads\\\/2021\\\/09\\\/Ventes-Scene-2.png\"},{\"@type\":\"BreadcrumbList\",\"@id\":\"https:\\\/\\\/rdts.ca\\\/fr\\\/ventes\\\/#breadcrumb\",\"itemListElement\":[{\"@type\":\"ListItem\",\"position\":1,\"name\":\"Home\",\"item\":\"https:\\\/\\\/rdts.ca\\\/fr\\\/\"},{\"@type\":\"ListItem\",\"position\":2,\"name\":\"Ventes\"}]},{\"@type\":\"WebSite\",\"@id\":\"https:\\\/\\\/rdts.ca\\\/#website\",\"url\":\"https:\\\/\\\/rdts.ca\\\/\",\"name\":\"RDTS\",\"description\":\"Merchandising and Sales solutions\",\"potentialAction\":[{\"@type\":\"SearchAction\",\"target\":{\"@type\":\"EntryPoint\",\"urlTemplate\":\"https:\\\/\\\/rdts.ca\\\/?s={search_term_string}\"},\"query-input\":{\"@type\":\"PropertyValueSpecification\",\"valueRequired\":true,\"valueName\":\"search_term_string\"}}],\"inLanguage\":\"fr-FR\"}]}<\/script>\n<!-- \/ Yoast SEO plugin. -->","yoast_head_json":{"title":"Ventes - RDTS","robots":{"index":"index","follow":"follow","max-snippet":"max-snippet:-1","max-image-preview":"max-image-preview:large","max-video-preview":"max-video-preview:-1"},"canonical":"https:\/\/rdts.ca\/fr\/ventes\/","og_locale":"fr_FR","og_type":"article","og_title":"Ventes - RDTS","og_description":"Rechercher une soci\u00e9t\u00e9 d&rsquo;externalisation des ventes aujourd&rsquo;hui L&rsquo;externalisation des ventes a montr\u00e9 qu&rsquo;elle apportait de nombreux avantages aux entreprises de toutes tailles dans le monde entier ; elle a m\u00eame donn\u00e9 naissance \u00e0 un nouveau secteur d&rsquo;organisations qui fournissent des solutions essentielles en mati\u00e8re de vente au d\u00e9tail. En tant que soci\u00e9t\u00e9 d&rsquo;externalisation des ventes,&hellip;","og_url":"https:\/\/rdts.ca\/fr\/ventes\/","og_site_name":"RDTS","article_modified_time":"2023-10-13T14:40:18+00:00","og_image":[{"url":"http:\/\/rdts.ca\/wp-content\/uploads\/2021\/09\/Ventes-Scene-2.png","type":"","width":"","height":""}],"twitter_card":"summary_large_image","twitter_misc":{"Dur\u00e9e de lecture estim\u00e9e":"5 minutes"},"schema":{"@context":"https:\/\/schema.org","@graph":[{"@type":"WebPage","@id":"https:\/\/rdts.ca\/fr\/ventes\/","url":"https:\/\/rdts.ca\/fr\/ventes\/","name":"Ventes - RDTS","isPartOf":{"@id":"https:\/\/rdts.ca\/#website"},"primaryImageOfPage":{"@id":"https:\/\/rdts.ca\/fr\/ventes\/#primaryimage"},"image":{"@id":"https:\/\/rdts.ca\/fr\/ventes\/#primaryimage"},"thumbnailUrl":"https:\/\/rdts.ca\/wp-content\/uploads\/2021\/09\/Ventes-Scene-2.png","datePublished":"2021-06-08T13:17:11+00:00","dateModified":"2023-10-13T14:40:18+00:00","breadcrumb":{"@id":"https:\/\/rdts.ca\/fr\/ventes\/#breadcrumb"},"inLanguage":"fr-FR","potentialAction":[{"@type":"ReadAction","target":["https:\/\/rdts.ca\/fr\/ventes\/"]}]},{"@type":"ImageObject","inLanguage":"fr-FR","@id":"https:\/\/rdts.ca\/fr\/ventes\/#primaryimage","url":"https:\/\/rdts.ca\/wp-content\/uploads\/2021\/09\/Ventes-Scene-2.png","contentUrl":"https:\/\/rdts.ca\/wp-content\/uploads\/2021\/09\/Ventes-Scene-2.png"},{"@type":"BreadcrumbList","@id":"https:\/\/rdts.ca\/fr\/ventes\/#breadcrumb","itemListElement":[{"@type":"ListItem","position":1,"name":"Home","item":"https:\/\/rdts.ca\/fr\/"},{"@type":"ListItem","position":2,"name":"Ventes"}]},{"@type":"WebSite","@id":"https:\/\/rdts.ca\/#website","url":"https:\/\/rdts.ca\/","name":"RDTS","description":"Merchandising and Sales solutions","potentialAction":[{"@type":"SearchAction","target":{"@type":"EntryPoint","urlTemplate":"https:\/\/rdts.ca\/?s={search_term_string}"},"query-input":{"@type":"PropertyValueSpecification","valueRequired":true,"valueName":"search_term_string"}}],"inLanguage":"fr-FR"}]}},"acf":[],"_links":{"self":[{"href":"https:\/\/rdts.ca\/fr\/wp-json\/wp\/v2\/pages\/131","targetHints":{"allow":["GET"]}}],"collection":[{"href":"https:\/\/rdts.ca\/fr\/wp-json\/wp\/v2\/pages"}],"about":[{"href":"https:\/\/rdts.ca\/fr\/wp-json\/wp\/v2\/types\/page"}],"author":[{"embeddable":true,"href":"https:\/\/rdts.ca\/fr\/wp-json\/wp\/v2\/users\/1"}],"replies":[{"embeddable":true,"href":"https:\/\/rdts.ca\/fr\/wp-json\/wp\/v2\/comments?post=131"}],"version-history":[{"count":36,"href":"https:\/\/rdts.ca\/fr\/wp-json\/wp\/v2\/pages\/131\/revisions"}],"predecessor-version":[{"id":4027,"href":"https:\/\/rdts.ca\/fr\/wp-json\/wp\/v2\/pages\/131\/revisions\/4027"}],"wp:attachment":[{"href":"https:\/\/rdts.ca\/fr\/wp-json\/wp\/v2\/media?parent=131"}],"curies":[{"name":"wp","href":"https:\/\/api.w.org\/{rel}","templated":true}]}}