{"id":133,"date":"2021-06-08T13:17:19","date_gmt":"2021-06-08T13:17:19","guid":{"rendered":"https:\/\/rdts.ca\/?page_id=133"},"modified":"2023-10-13T10:46:36","modified_gmt":"2023-10-13T14:46:36","slug":"audit","status":"publish","type":"page","link":"https:\/\/rdts.ca\/fr\/audit\/","title":{"rendered":"Audit"},"content":{"rendered":"\n<h1>\n\t\tImportance d&rsquo;utiliser des services d&rsquo;audit en commerce de d\u00e9tail\n\t<\/h1>\n\t<p>Pour rester comp\u00e9titif sur le march\u00e9 actuel, il est essentiel d&rsquo;\u00e9laborer et de mettre en \u0153uvre une <a href=\"https:\/\/rdts.ca\/fr\/marchandisage\/\">strat\u00e9gie de merchandising<\/a> efficace. L&rsquo;audit est l&rsquo;un des moyens les plus efficaces pour une banni\u00e8re ou un manufacturier de recueillir des donn\u00e9es sur le terrain qui influencent la sant\u00e9 de son entreprise et de ses produits. L&rsquo;audit fournit des connaissances commerciales essentielles pour \u00e9viter l&rsquo;incoh\u00e9rence des informations et aider les d\u00e9taillants \u00e0 prendre des d\u00e9cisions intelligentes et \u00e0 am\u00e9liorer leurs performances. Les audits de magasins propos\u00e9s par RDTS consistent \u00e0 collecter des donn\u00e9es sur les sites physiques des magasins afin d&rsquo;obtenir des informations sur la conformit\u00e9 du merchandising, les niveaux de stock et les connaissances des associ\u00e9s du magasin.<\/p>\n<p>Un audit est un outil efficace pour les d\u00e9taillants de toutes tailles. En travaillant avec le bon prestataire de services d&rsquo;audit de magasins, vous ou votre \u00e9quipe pourrez rationaliser davantage les op\u00e9rations de votre magasin et b\u00e9n\u00e9ficier de conseils professionnels tout au long du processus. Des audits r\u00e9guliers des magasins sont le meilleur moyen de recueillir des donn\u00e9es essentielles en temps r\u00e9el, ce qui vous permet de r\u00e9agir rapidement et d&rsquo;ajuster vos plans de vente.<\/p>\n\t\t\t<a href=\"https:\/\/rdts.ca\/fr\/nous-contacter\/\" target=\"_self\" role=\"button\" rel=\"noopener\">\n\t\t\t\t\t\t\tParles-nous\n\t\t\t\t\t<\/a>\n\t\t\t\t<img loading=\"lazy\" decoding=\"async\" src=\"https:\/\/rdts.ca\/wp-content\/uploads\/2021\/09\/Mixed-Scene-Audit.png\" alt=\"Mixed Scene Audit\" itemprop=\"image\" height=\"763\" width=\"807\" title=\"Mixed Scene Audit\" onerror=\"this.style.display='none'\"  \/>\n\t\t\t\t<img loading=\"lazy\" decoding=\"async\" src=\"https:\/\/rdts.ca\/wp-content\/uploads\/2021\/09\/Scene-2.png\" alt=\"Scene 2\" itemprop=\"image\" height=\"1080\" width=\"1316\" title=\"Scene 2\" onerror=\"this.style.display='none'\"  \/>\n<h2>\n\t\tQu&rsquo;est-ce qu&rsquo;un audit merchandising et comment fonctionne t-il ?\n\t<\/h2>\n\t<p>Un audit merchandising peut vous aider \u00e0 vous assurer que vos pr\u00e9sentoirs sont en place, que vos rayons sont approvisionn\u00e9s et que votre <a href=\"https:\/\/rdts.ca\/fr\/ventes\/\">\u00e9quipe de vente<\/a> est pr\u00eate \u00e0 vendre. Il s&rsquo;agit d&rsquo;un instantan\u00e9 syst\u00e9matique qui donne une vue d&rsquo;ensemble du merchandising visuel.<\/p>\n<p>Plus de 30 % des professionnels de la vente au d\u00e9tail ne mesurent pas l&rsquo;ex\u00e9cution et la performance en magasin. Les audits en magasin permettent d&rsquo;obtenir une \u00e9valuation g\u00e9n\u00e9rale de la situation de votre marque et de vos produits.<\/p>\n\t<p>En d\u00e9finissant des attentes claires pour le personnel de terrain, en \u00e9tablissant une liste de contr\u00f4le pour chaque visite de magasin, en recueillant des informations pour identifier les probl\u00e8mes sous-jacents au niveau du magasin et en partageant les donn\u00e9es d&rsquo;audit en temps r\u00e9el, les responsables et les \u00e9quipes de terrain peuvent obtenir de meilleurs r\u00e9sultats. La mise en \u0153uvre de ces bonnes pratiques vous aidera \u00e0 mettre en place la bonne strat\u00e9gie.<\/p>\n\t<p>L&rsquo;audit en magasin fait le lien entre le si\u00e8ge et les op\u00e9rations des magasins, donnant aux vendeurs et aux fournisseurs un aper\u00e7u rapide des magasins o\u00f9 les consommateurs peuvent interagir avec un produit. C&rsquo;est une excellente strat\u00e9gie si vous avez besoin d&rsquo;informations sur les employ\u00e9s des magasins et le comportement des consommateurs, ainsi que sur le merchandising ou tout autre probl\u00e8me rencontr\u00e9 en magasin.<\/p>\n<h2>\n\t\tServices d&rsquo;audit en magasins &#8211; Optimisez vos op\u00e9rations en magasin\n\t<\/h2>\n\t<p>Nos services d&rsquo;audit personnalis\u00e9s garantissent des r\u00e9sultats complets et des informations pr\u00e9cises sur les performances et la pr\u00e9sentation de votre commerce de d\u00e9tail ou de vos produits.<\/p>\n\t\t\t<a href=\"#\" id=\"fl-accordion--label-0\" tabindex=\"0\" aria-controls=\"fl-accordion--panel-0\">Audit de conformit\u00e9<\/a>\n\t\t\t\t\t\t\t<a href=\"#\" id=\"fl-accordion--icon-0\" tabindex=\"0\" aria-controls=\"fl-accordion--panel-0\"><i>Expand<\/i><\/a>\n\t\t<p>Contr\u00f4le de la conformit\u00e9 de votre strat\u00e9gie marketing (planographie, identit\u00e9 visuelle, packaging, mise en avant d&rsquo;une promotion, date de p\u00e9remption, conformit\u00e9 des programmes hors rayon, conformit\u00e9 de la PLV).<\/p>\n\t\t\t<a href=\"#\" id=\"fl-accordion--label-1\" tabindex=\"0\" aria-controls=\"fl-accordion--panel-1\">Analyse digitale de vos ruptures de stock<\/a>\n\t\t\t\t\t\t\t<a href=\"#\" id=\"fl-accordion--icon-1\" tabindex=\"0\" aria-controls=\"fl-accordion--panel-1\"><i>Expand<\/i><\/a>\n\t\t<p>\u00c9valuation des ruptures de stock sur les \u00e9tag\u00e8res &#8211; comptage des trous, relev\u00e9 des r\u00e9f\u00e9rences manquantes, calcul des ratios, comptage des ruptures de stock (OOS).<\/p>\n\t\t\t<a href=\"#\" id=\"fl-accordion--label-2\" tabindex=\"0\" aria-controls=\"fl-accordion--panel-2\">Enqu\u00eates et inventaires<\/a>\n\t\t\t\t\t\t\t<a href=\"#\" id=\"fl-accordion--icon-2\" tabindex=\"0\" aria-controls=\"fl-accordion--panel-2\"><i>Expand<\/i><\/a>\n\t\t<p>Inventaires par d\u00e9partement ou par cat\u00e9gorie (audits de prix, audits de la PLV et de la signal\u00e9tique, pr\u00e9sentoirs, enqu\u00eates de qualit\u00e9, accueil et visites myst\u00e8res).<\/p>\n\t\t\t<a href=\"#\" id=\"fl-accordion--label-3\" tabindex=\"0\" aria-controls=\"fl-accordion--panel-3\">Inventaire physique de votre r\u00e9seau<\/a>\n\t\t\t\t\t\t\t<a href=\"#\" id=\"fl-accordion--icon-3\" tabindex=\"0\" aria-controls=\"fl-accordion--panel-3\"><i>Expand<\/i><\/a>\n\t\t<p>Inventaire annuel complet par magasin.<\/p>\n\t\t\t<a href=\"#\" id=\"fl-accordion--label-4\" tabindex=\"0\" aria-controls=\"fl-accordion--panel-4\">Business intelligence et analyses crois\u00e9es<\/a>\n\t\t\t\t\t\t\t<a href=\"#\" id=\"fl-accordion--icon-4\" tabindex=\"0\" aria-controls=\"fl-accordion--panel-4\"><i>Expand<\/i><\/a>\n\t\t<p>Analyse et recoupement des donn\u00e9es collect\u00e9es pour apporter plus d&rsquo;intelligence commerciale \u00e0 votre strat\u00e9gie globale. Aper\u00e7u de l&rsquo;ensemble de vos magasins avec indicateurs cl\u00e9s de performance.<\/p>\n\t\t\t<a href=\"#\" id=\"fl-accordion--label-5\" tabindex=\"0\" aria-controls=\"fl-accordion--panel-5\">Analyse de la comp\u00e9tition et benchmark<\/a>\n\t\t\t\t\t\t\t<a href=\"#\" id=\"fl-accordion--icon-5\" tabindex=\"0\" aria-controls=\"fl-accordion--panel-5\"><i>Expand<\/i><\/a>\n\t\t<p>Analyse de la comp\u00e9tition locale, r\u00e9gionale, nationale ou \u00e9trang\u00e8re, analyse comparative des produits et audit de prix.<\/p>\n\t\t\t<a href=\"#\" id=\"fl-accordion--label-6\" tabindex=\"0\" aria-controls=\"fl-accordion--panel-6\">Visites myst\u00e8res<\/a>\n\t\t\t\t\t\t\t<a href=\"#\" id=\"fl-accordion--icon-6\" tabindex=\"0\" aria-controls=\"fl-accordion--panel-6\"><i>Expand<\/i><\/a>\n\t\t<p>Le client myst\u00e8re est une solution pour les clients (d\u00e9taillants et manufacturiers) qui souhaitent mesurer la qualit\u00e9 de l&rsquo;exp\u00e9rience d&rsquo;achat des clients, le positionnement des produits et la compr\u00e9hension des employ\u00e9s du magasin.<\/p>\n\t<p>Il vous suffit de nous indiquer quelle solution d&rsquo;audit vous int\u00e9resse, et nous \u00e9laborerons un programme personnalis\u00e9 pour vous.<\/p>\n\t\t\t\t<img loading=\"lazy\" decoding=\"async\" src=\"https:\/\/rdts.ca\/wp-content\/uploads\/2021\/09\/Ventes-Scene.png\" alt=\"Ventes Scene\" itemprop=\"image\" height=\"763\" width=\"807\" title=\"Ventes Scene\" onerror=\"this.style.display='none'\"  \/>\n<h2>\n\t\tPourquoi choisir RDTS comme soci\u00e9t\u00e9 d&rsquo;audit ?\n\t<\/h2>\n\t<p>RDTS reste \u00e0 l&rsquo;aff\u00fbt de l&rsquo;information n\u00e9cessaire \u00e0 ses clients en proposant plusieurs solutions d&rsquo;audit 100% digitalis\u00e9es qui vous fournissent non seulement l&rsquo;information, mais aussi la mani\u00e8re dont vous voulez la voir. Un audit vous permet de garantir l&rsquo;excellence de votre r\u00e9seau de points de vente gr\u00e2ce \u00e0 des processus de visite plus efficaces qui combinent les personnes et la num\u00e9risation.<\/p>\n<p>Les clients sont assign\u00e9s \u00e0 un sp\u00e9cialiste exp\u00e9riment\u00e9 qui collaborera avec vous pour d\u00e9velopper vos besoins en marketing tout au long du processus. Tout au long du projet, votre sp\u00e9cialiste d\u00e9sign\u00e9 vous tiendra inform\u00e9 au moyen de rapports de synth\u00e8se, d&rsquo;informations cruciales et de tableaux de bord complets avec des indicateurs cl\u00e9s de performance.<\/p>\n<p>Notre \u00e9quipe d&rsquo;audit RDTS est \u00e9quip\u00e9e de la meilleure plateforme de rapports num\u00e9riques et de collecte de donn\u00e9es pour chacune de vos visites : Cube. Par cons\u00e9quent, notre \u00e9quipe s&rsquo;engage \u00e0 fournir la meilleure ex\u00e9cution d&rsquo;audit et \u00e0 \u00e9valuer toutes les photos et tous les commentaires obtenus lors des visites de magasins afin de s&rsquo;assurer de leur exactitude et de leur exhaustivit\u00e9.<\/p>\n\t\t\t<a href=\"https:\/\/rdts.ca\/fr\/nous-contacter\/\" target=\"_self\" role=\"button\" rel=\"noopener\">\n\t\t\t\t\t\t\tObtenir un devis\n\t\t\t\t\t<\/a>\n\t<div>\n\t\t\t<div class=\"testimonials\">\n\t\t\t\t\t\n\t\t\t<div class=\"testimonial_posts\">\n\t\t\t\t<div class=\"content\">\n\t\t\t\t\t<p>I have been with RDTS for over 2 years. I absolutely love working here. I enjoy working in different setting and the flexibility to make my own schedule is a definite asset. Management is very approachable and always available for questions and concerns. I plan on staying with the company for many years to come.<\/p>\t\t\t\t<\/div>\n\t\t\t\t<div class=\"post_title\">\n\t\t\t\t\t<!-- <h4>\t\t\t\t\t\t<span><\/span>\n\t\t\t\t\t<\/h4> -->\n\t\t\t\t<\/div>\n\t\t\t\t<div class=\"test_fields_group\">\n\t\t\t\t\t<div class=\"test_filed\">\n\t\t\t\t\t\t<h5>Kim Carter<br>Merchandiser Representative<\/h5>\n\t\t\t\t\t<\/div>\n\t\t\t\t\t<div class=\"test_filed\">\n\t\t\t\t\t<p><i class=\"far fa-envelope\"><\/i>RH@rdts.ca<\/p>\n\t\t\t\t\t<\/div>\n\t\t\t\t<\/div>\t\n\t\t\t<\/div>\n\t\t\t\n\t\t\t\t\t\n\t\t\t<div class=\"testimonial_posts\">\n\t\t\t\t<div class=\"content\">\n\t\t\t\t\t<p>RDTS is a great company to work for! You are not just a number, you are part of a team\u2026.you are part of the RDTS family!<\/p>\n\t\t\t\t<\/div>\n\t\t\t\t<div class=\"post_title\">\n\t\t\t\t\t<!-- <h4>\t\t\t\t\t\t<span><\/span>\n\t\t\t\t\t<\/h4> -->\n\t\t\t\t<\/div>\n\t\t\t\t<div class=\"test_fields_group\">\n\t\t\t\t\t<div class=\"test_filed\">\n\t\t\t\t\t\t<h5>Julie McLaren<br>Territory Manager - Ontario<\/h5>\n\t\t\t\t\t<\/div>\n\t\t\t\t\t<div class=\"test_filed\">\n\t\t\t\t\t<p><i class=\"far fa-envelope\"><\/i>RH@rdts.ca<\/p>\n\t\t\t\t\t<\/div>\n\t\t\t\t<\/div>\t\n\t\t\t<\/div>\n\t\t\t\n\t\t\t\t\t\n\t\t\t<div class=\"testimonial_posts\">\n\t\t\t\t<div class=\"content\">\n\t\t\t\t\t<p>\u00a0J&rsquo;appr\u00e9cie vraiment mon travail chez RDTS, j\u2019\u00e9volue et apprends beaucoup \u00e0 tous les jours avec une \u00e9quipe formidable qui me soutient et m&rsquo;appuie dans mon parcours!\u00a0<\/p>\n\t\t\t\t<\/div>\n\t\t\t\t<div class=\"post_title\">\n\t\t\t\t\t<!-- <h4>\t\t\t\t\t\t<span><\/span>\n\t\t\t\t\t<\/h4> -->\n\t\t\t\t<\/div>\n\t\t\t\t<div class=\"test_fields_group\">\n\t\t\t\t\t<div class=\"test_filed\">\n\t\t\t\t\t\t<h5>Marie-Jos\u00e9e Goyette<br>Repr\u00e9sentante des ventes<\/h5>\n\t\t\t\t\t<\/div>\n\t\t\t\t\t<div class=\"test_filed\">\n\t\t\t\t\t<p><i class=\"far fa-envelope\"><\/i>RH@rdts.ca<\/p>\n\t\t\t\t\t<\/div>\n\t\t\t\t<\/div>\t\n\t\t\t<\/div>\n\t\t\t\n\t\t\t\t\t\n\t\t\t<div class=\"testimonial_posts\">\n\t\t\t\t<div class=\"content\">\n\t\t\t\t\t<p>\u00a0Je suis \u00e0 l&#8217;emploi de RDTS depuis l&rsquo;ann\u00e9e 2009. Ce long parcours professionnel au sein de cette belle entreprise m&rsquo;a offert plusieurs opportunit\u00e9s d&rsquo;avancement qui m&rsquo;ont permis d\u2019occuper une vari\u00e9t\u00e9 de postes int\u00e9ressants.\u00a0<\/p>\n\t\t\t\t<\/div>\n\t\t\t\t<div class=\"post_title\">\n\t\t\t\t\t<!-- <h4>\t\t\t\t\t\t<span><\/span>\n\t\t\t\t\t<\/h4> -->\n\t\t\t\t<\/div>\n\t\t\t\t<div class=\"test_fields_group\">\n\t\t\t\t\t<div class=\"test_filed\">\n\t\t\t\t\t\t<h5>Marc-Andr\u00e9 Bernard<br> G\u00e9rant de territoire<\/h5>\n\t\t\t\t\t<\/div>\n\t\t\t\t\t<div class=\"test_filed\">\n\t\t\t\t\t<p><i class=\"far fa-envelope\"><\/i>RH@rdts.ca<\/p>\n\t\t\t\t\t<\/div>\n\t\t\t\t<\/div>\t\n\t\t\t<\/div>\n\t\t\t\n\t\t\t\t\t\n\t\t\t<div class=\"testimonial_posts\">\n\t\t\t\t<div class=\"content\">\n\t\t\t\t\t<p>L\u2019exp\u00e9rience que j\u2019acquiers au quotidien chez RDTS me permet de grandir et de me d\u00e9passer autant sur le plan professionnel que personnel!\u00a0<\/p>\n\t\t\t\t<\/div>\n\t\t\t\t<div class=\"post_title\">\n\t\t\t\t\t<!-- <h4>\t\t\t\t\t\t<span><\/span>\n\t\t\t\t\t<\/h4> -->\n\t\t\t\t<\/div>\n\t\t\t\t<div class=\"test_fields_group\">\n\t\t\t\t\t<div class=\"test_filed\">\n\t\t\t\t\t\t<h5>Simon Trottier-Lacasse<br>Coordonnateur \u2013 Intelligence Op\u00e9rationnelle<\/h5>\n\t\t\t\t\t<\/div>\n\t\t\t\t\t<div class=\"test_filed\">\n\t\t\t\t\t<p><i class=\"far fa-envelope\"><\/i>RH@rdts.ca<\/p>\n\t\t\t\t\t<\/div>\n\t\t\t\t<\/div>\t\n\t\t\t<\/div>\n\t\t\t\n\t\t\t\t\n\t\t\n<\/div>\n\n\n<div class=\"test_slide_arrows\">\n    <span><i class=\"test_left_arrow fas fa-chevron-left\"><\/i><\/span>\n    <span class=\"\"><i class=\" test_right_arrow fas fa-chevron-right\"><\/i><\/span>\n<\/div>  \n<h2>\n\t\tVous voulez en savoir plus sur nos solutions d&rsquo;audit ?\n\t<\/h2>\n\t<div class=\"frm_forms  with_frm_style frm_style_formidable-style\" id=\"frm_form_4_container\" data-token=\"3a2ba81183608e2ad6872c114885808c\">\n<form enctype=\"multipart\/form-data\" method=\"post\" class=\"frm-show-form  frm_js_validate  frm_ajax_submit  frm_pro_form \" id=\"form_business\" data-token=\"3a2ba81183608e2ad6872c114885808c\">\n<div class=\"frm_form_fields \">\n<fieldset>\n<legend class=\"frm_screen_reader\">Business form<\/legend>\r\n\r\n<div class=\"frm_fields_container\">\n<input type=\"hidden\" name=\"frm_action\" value=\"create\" \/>\n<input type=\"hidden\" name=\"form_id\" value=\"4\" \/>\n<input type=\"hidden\" name=\"frm_hide_fields_4\" id=\"frm_hide_fields_4\" value=\"\" \/>\n<input type=\"hidden\" name=\"form_key\" value=\"business\" \/>\n<input type=\"hidden\" name=\"item_meta[0]\" value=\"\" \/>\n<input type=\"hidden\" id=\"frm_submit_entry_4\" name=\"frm_submit_entry_4\" value=\"370b76e247\" \/><input type=\"hidden\" name=\"_wp_http_referer\" value=\"\/fr\/wp-json\/wp\/v2\/pages\/133\" \/><div id=\"frm_field_26_container\" class=\"frm_form_field form-field  frm_required_field frm_top_container frm_half\">\r\n    <label for=\"field_vhh9u\" id=\"field_vhh9u_label\" class=\"frm_primary_label\">Nom\r\n        <span class=\"frm_required\" aria-hidden=\"true\">*<\/span>\r\n    <\/label>\r\n    <input  type=\"text\" id=\"field_vhh9u\" name=\"item_meta[26]\" value=\"\"  data-reqmsg=\"Nom cannot be blank.\" aria-required=\"true\" data-invmsg=\"Text is invalid\" aria-invalid=\"false\"   \/>\r\n    \r\n    \r\n<\/div>\n<div id=\"frm_field_27_container\" class=\"frm_form_field form-field  frm_top_container frm_half\">\r\n    <label for=\"field_jz5k8\" id=\"field_jz5k8_label\" class=\"frm_primary_label\">T\u00e9l\u00e9phone\r\n        <span class=\"frm_required\" aria-hidden=\"true\"><\/span>\r\n    <\/label>\r\n    <input  type=\"text\" id=\"field_jz5k8\" name=\"item_meta[27]\" value=\"\"  data-invmsg=\"Number is invalid\" aria-invalid=\"false\"   \/>\r\n    \r\n    \r\n<\/div>\n<div id=\"frm_field_28_container\" class=\"frm_form_field form-field  frm_required_field frm_top_container frm_half\">\r\n    <label for=\"field_3pxob\" id=\"field_3pxob_label\" class=\"frm_primary_label\">Compagnie\r\n        <span class=\"frm_required\" aria-hidden=\"true\">*<\/span>\r\n    <\/label>\r\n    <input  type=\"text\" id=\"field_3pxob\" name=\"item_meta[28]\" value=\"\"  data-reqmsg=\"Compagnie cannot be blank.\" aria-required=\"true\" data-invmsg=\"Text is invalid\" aria-invalid=\"false\"   \/>\r\n    \r\n    \r\n<\/div>\n<div id=\"frm_field_29_container\" class=\"frm_form_field form-field  frm_required_field frm_top_container frm_half\">\r\n    <label for=\"field_hggk0\" id=\"field_hggk0_label\" class=\"frm_primary_label\">Courriel\r\n        <span class=\"frm_required\" aria-hidden=\"true\">*<\/span>\r\n    <\/label>\r\n    <input type=\"email\" id=\"field_hggk0\" name=\"item_meta[29]\" value=\"\"  data-reqmsg=\"Courriel cannot be blank.\" aria-required=\"true\" data-invmsg=\"Email is invalid\" aria-invalid=\"false\"  \/>\r\n    \r\n    \r\n<\/div>\n<div id=\"frm_field_30_container\" class=\"frm_form_field form-field  frm_top_container\">\r\n    <label for=\"field_brong\" id=\"field_brong_label\" class=\"frm_primary_label\">Message\r\n        <span class=\"frm_required\" aria-hidden=\"true\"><\/span>\r\n    <\/label>\r\n    <textarea name=\"item_meta[30]\" id=\"field_brong\" rows=\"5\"  data-invmsg=\"Message est non valide\" aria-invalid=\"false\"  ><\/textarea>\r\n    \r\n    \r\n<\/div>\n<div id=\"frm_field_310_container\" class=\"frm_form_field form-field  frm_none_container\">\r\n    <label for=\"g-recaptcha-response\" id=\"field_afpw5_label\" class=\"frm_primary_label\">reCAPTCHA\r\n        <span class=\"frm_required\" aria-hidden=\"true\"><\/span>\r\n    <\/label>\r\n    <div  id=\"field_afpw5\" class=\"frm-g-recaptcha\" data-sitekey=\"6LeL-bkcAAAAAN646l2NwBqgeQhkau5LKZWT3vbG\" data-size=\"invisible\" data-theme=\"light\"><\/div>\r\n    \r\n    \r\n<\/div>\n<div id=\"frm_field_323_container\" class=\"frm_form_field form-field \">\n\t<div class=\"frm_submit\">\r\n\r\n<button class=\"frm_button_submit frm_final_submit\" type=\"submit\"   formnovalidate=\"formnovalidate\">Contactez-nous vite<\/button>\r\n\r\n<\/div>\n<\/div>\n\t<input type=\"hidden\" name=\"item_key\" value=\"\" \/>\n\t\t\t<div id=\"frm_field_328_container\">\n\t\t\t<label for=\"field_aa8lk\" >\n\t\t\t\tSi vous \u00eates un humain, ne remplissez pas ce champ.\t\t\t<\/label>\n\t\t\t<input  id=\"field_aa8lk\" type=\"text\" class=\"frm_form_field form-field frm_verify\" name=\"item_meta[328]\" value=\"\"  \/>\n\t\t<\/div>\n\t\t<input name=\"frm_state\" type=\"hidden\" value=\"Ni5gP3OAHfWkZv0l2EUQC34ELBNYwwed2BcoweHGqf7PhwOuIWZN5mV2rD1vc7q\/\" \/><\/div>\n<\/fieldset>\n<\/div>\n\n<\/form>\n<\/div>\n\n\n","protected":false},"excerpt":{"rendered":"<p>L\u2019exp\u00e9rience que j\u2019acquiers au quotidien chez RDTS me permet de grandir et de me d\u00e9passer autant sur le plan professionnel que personnel!\u00a0<\/p>\n","protected":false},"author":1,"featured_media":0,"parent":0,"menu_order":0,"comment_status":"closed","ping_status":"closed","template":"","meta":{"footnotes":""},"class_list":["post-133","page","type-page","status-publish","hentry"],"yoast_head":"<!-- This site is optimized with the Yoast SEO plugin v27.4 - https:\/\/yoast.com\/product\/yoast-seo-wordpress\/ -->\n<title>Audit - RDTS<\/title>\n<meta name=\"robots\" content=\"index, follow, max-snippet:-1, max-image-preview:large, max-video-preview:-1\" \/>\n<link rel=\"canonical\" href=\"https:\/\/rdts.ca\/fr\/audit\/\" \/>\n<meta property=\"og:locale\" content=\"fr_FR\" \/>\n<meta property=\"og:type\" content=\"article\" \/>\n<meta property=\"og:title\" content=\"Audit - RDTS\" \/>\n<meta property=\"og:description\" content=\"Importance d&rsquo;utiliser des services d&rsquo;audit en commerce de d\u00e9tail Pour rester comp\u00e9titif sur le march\u00e9 actuel, il est essentiel d&rsquo;\u00e9laborer et de mettre en \u0153uvre une strat\u00e9gie de merchandising efficace. L&rsquo;audit est l&rsquo;un des moyens les plus efficaces pour une banni\u00e8re ou un manufacturier de recueillir des donn\u00e9es sur le terrain qui influencent la sant\u00e9&hellip;\" \/>\n<meta property=\"og:url\" content=\"https:\/\/rdts.ca\/fr\/audit\/\" \/>\n<meta property=\"og:site_name\" content=\"RDTS\" \/>\n<meta property=\"article:modified_time\" content=\"2023-10-13T14:46:36+00:00\" \/>\n<meta property=\"og:image\" content=\"http:\/\/rdts.ca\/wp-content\/uploads\/2021\/09\/Mixed-Scene-Audit.png\" \/>\n<meta name=\"twitter:card\" content=\"summary_large_image\" \/>\n<meta name=\"twitter:label1\" content=\"Dur\u00e9e de lecture estim\u00e9e\" \/>\n\t<meta name=\"twitter:data1\" content=\"5 minutes\" \/>\n<script type=\"application\/ld+json\" class=\"yoast-schema-graph\">{\"@context\":\"https:\\\/\\\/schema.org\",\"@graph\":[{\"@type\":\"WebPage\",\"@id\":\"https:\\\/\\\/rdts.ca\\\/fr\\\/audit\\\/\",\"url\":\"https:\\\/\\\/rdts.ca\\\/fr\\\/audit\\\/\",\"name\":\"Audit - RDTS\",\"isPartOf\":{\"@id\":\"https:\\\/\\\/rdts.ca\\\/#website\"},\"primaryImageOfPage\":{\"@id\":\"https:\\\/\\\/rdts.ca\\\/fr\\\/audit\\\/#primaryimage\"},\"image\":{\"@id\":\"https:\\\/\\\/rdts.ca\\\/fr\\\/audit\\\/#primaryimage\"},\"thumbnailUrl\":\"https:\\\/\\\/rdts.ca\\\/wp-content\\\/uploads\\\/2021\\\/09\\\/Mixed-Scene-Audit.png\",\"datePublished\":\"2021-06-08T13:17:19+00:00\",\"dateModified\":\"2023-10-13T14:46:36+00:00\",\"breadcrumb\":{\"@id\":\"https:\\\/\\\/rdts.ca\\\/fr\\\/audit\\\/#breadcrumb\"},\"inLanguage\":\"fr-FR\",\"potentialAction\":[{\"@type\":\"ReadAction\",\"target\":[\"https:\\\/\\\/rdts.ca\\\/fr\\\/audit\\\/\"]}]},{\"@type\":\"ImageObject\",\"inLanguage\":\"fr-FR\",\"@id\":\"https:\\\/\\\/rdts.ca\\\/fr\\\/audit\\\/#primaryimage\",\"url\":\"https:\\\/\\\/rdts.ca\\\/wp-content\\\/uploads\\\/2021\\\/09\\\/Mixed-Scene-Audit.png\",\"contentUrl\":\"https:\\\/\\\/rdts.ca\\\/wp-content\\\/uploads\\\/2021\\\/09\\\/Mixed-Scene-Audit.png\"},{\"@type\":\"BreadcrumbList\",\"@id\":\"https:\\\/\\\/rdts.ca\\\/fr\\\/audit\\\/#breadcrumb\",\"itemListElement\":[{\"@type\":\"ListItem\",\"position\":1,\"name\":\"Home\",\"item\":\"https:\\\/\\\/rdts.ca\\\/fr\\\/\"},{\"@type\":\"ListItem\",\"position\":2,\"name\":\"Audit\"}]},{\"@type\":\"WebSite\",\"@id\":\"https:\\\/\\\/rdts.ca\\\/#website\",\"url\":\"https:\\\/\\\/rdts.ca\\\/\",\"name\":\"RDTS\",\"description\":\"Merchandising and Sales solutions\",\"potentialAction\":[{\"@type\":\"SearchAction\",\"target\":{\"@type\":\"EntryPoint\",\"urlTemplate\":\"https:\\\/\\\/rdts.ca\\\/?s={search_term_string}\"},\"query-input\":{\"@type\":\"PropertyValueSpecification\",\"valueRequired\":true,\"valueName\":\"search_term_string\"}}],\"inLanguage\":\"fr-FR\"}]}<\/script>\n<!-- \/ Yoast SEO plugin. -->","yoast_head_json":{"title":"Audit - RDTS","robots":{"index":"index","follow":"follow","max-snippet":"max-snippet:-1","max-image-preview":"max-image-preview:large","max-video-preview":"max-video-preview:-1"},"canonical":"https:\/\/rdts.ca\/fr\/audit\/","og_locale":"fr_FR","og_type":"article","og_title":"Audit - RDTS","og_description":"Importance d&rsquo;utiliser des services d&rsquo;audit en commerce de d\u00e9tail Pour rester comp\u00e9titif sur le march\u00e9 actuel, il est essentiel d&rsquo;\u00e9laborer et de mettre en \u0153uvre une strat\u00e9gie de merchandising efficace. L&rsquo;audit est l&rsquo;un des moyens les plus efficaces pour une banni\u00e8re ou un manufacturier de recueillir des donn\u00e9es sur le terrain qui influencent la sant\u00e9&hellip;","og_url":"https:\/\/rdts.ca\/fr\/audit\/","og_site_name":"RDTS","article_modified_time":"2023-10-13T14:46:36+00:00","og_image":[{"url":"http:\/\/rdts.ca\/wp-content\/uploads\/2021\/09\/Mixed-Scene-Audit.png","type":"","width":"","height":""}],"twitter_card":"summary_large_image","twitter_misc":{"Dur\u00e9e de lecture estim\u00e9e":"5 minutes"},"schema":{"@context":"https:\/\/schema.org","@graph":[{"@type":"WebPage","@id":"https:\/\/rdts.ca\/fr\/audit\/","url":"https:\/\/rdts.ca\/fr\/audit\/","name":"Audit - RDTS","isPartOf":{"@id":"https:\/\/rdts.ca\/#website"},"primaryImageOfPage":{"@id":"https:\/\/rdts.ca\/fr\/audit\/#primaryimage"},"image":{"@id":"https:\/\/rdts.ca\/fr\/audit\/#primaryimage"},"thumbnailUrl":"https:\/\/rdts.ca\/wp-content\/uploads\/2021\/09\/Mixed-Scene-Audit.png","datePublished":"2021-06-08T13:17:19+00:00","dateModified":"2023-10-13T14:46:36+00:00","breadcrumb":{"@id":"https:\/\/rdts.ca\/fr\/audit\/#breadcrumb"},"inLanguage":"fr-FR","potentialAction":[{"@type":"ReadAction","target":["https:\/\/rdts.ca\/fr\/audit\/"]}]},{"@type":"ImageObject","inLanguage":"fr-FR","@id":"https:\/\/rdts.ca\/fr\/audit\/#primaryimage","url":"https:\/\/rdts.ca\/wp-content\/uploads\/2021\/09\/Mixed-Scene-Audit.png","contentUrl":"https:\/\/rdts.ca\/wp-content\/uploads\/2021\/09\/Mixed-Scene-Audit.png"},{"@type":"BreadcrumbList","@id":"https:\/\/rdts.ca\/fr\/audit\/#breadcrumb","itemListElement":[{"@type":"ListItem","position":1,"name":"Home","item":"https:\/\/rdts.ca\/fr\/"},{"@type":"ListItem","position":2,"name":"Audit"}]},{"@type":"WebSite","@id":"https:\/\/rdts.ca\/#website","url":"https:\/\/rdts.ca\/","name":"RDTS","description":"Merchandising and Sales solutions","potentialAction":[{"@type":"SearchAction","target":{"@type":"EntryPoint","urlTemplate":"https:\/\/rdts.ca\/?s={search_term_string}"},"query-input":{"@type":"PropertyValueSpecification","valueRequired":true,"valueName":"search_term_string"}}],"inLanguage":"fr-FR"}]}},"acf":[],"_links":{"self":[{"href":"https:\/\/rdts.ca\/fr\/wp-json\/wp\/v2\/pages\/133","targetHints":{"allow":["GET"]}}],"collection":[{"href":"https:\/\/rdts.ca\/fr\/wp-json\/wp\/v2\/pages"}],"about":[{"href":"https:\/\/rdts.ca\/fr\/wp-json\/wp\/v2\/types\/page"}],"author":[{"embeddable":true,"href":"https:\/\/rdts.ca\/fr\/wp-json\/wp\/v2\/users\/1"}],"replies":[{"embeddable":true,"href":"https:\/\/rdts.ca\/fr\/wp-json\/wp\/v2\/comments?post=133"}],"version-history":[{"count":45,"href":"https:\/\/rdts.ca\/fr\/wp-json\/wp\/v2\/pages\/133\/revisions"}],"predecessor-version":[{"id":4028,"href":"https:\/\/rdts.ca\/fr\/wp-json\/wp\/v2\/pages\/133\/revisions\/4028"}],"wp:attachment":[{"href":"https:\/\/rdts.ca\/fr\/wp-json\/wp\/v2\/media?parent=133"}],"curies":[{"name":"wp","href":"https:\/\/api.w.org\/{rel}","templated":true}]}}