{"id":4381,"date":"2025-06-16T15:11:34","date_gmt":"2025-06-16T19:11:34","guid":{"rendered":"https:\/\/rdts.ca\/?page_id=4381"},"modified":"2025-06-16T17:42:21","modified_gmt":"2025-06-16T21:42:21","slug":"actualites","status":"publish","type":"page","link":"https:\/\/rdts.ca\/fr\/actualites\/","title":{"rendered":"Actualit\u00e9s"},"content":{"rendered":"\n<h1>\n\t\t\tSur le terrain, dans l&rsquo;action, au c\u0153ur du retail\t<\/h1>\n\t<p>RDTS partage ses apprentissages, tendances et r\u00e9sultats pour un commerce plus intelligent.<\/p>\n\t<p>D\u00e9couvrez nos derni\u00e8res \u00e9tudes de cas, r\u00e9flexions de terrain, innovations merchandising et insights strat\u00e9giques pour mieux performer en magasin.<\/p>\n\n","protected":false},"excerpt":{"rendered":"<p>Sur le terrain, dans l&rsquo;action, au c\u0153ur du retail RDTS partage ses apprentissages, tendances et r\u00e9sultats pour un commerce plus intelligent. D\u00e9couvrez nos derni\u00e8res \u00e9tudes de cas, r\u00e9flexions de terrain, innovations merchandising et insights strat\u00e9giques pour mieux performer en magasin.<\/p>\n","protected":false},"author":10,"featured_media":0,"parent":0,"menu_order":0,"comment_status":"closed","ping_status":"closed","template":"","meta":{"footnotes":""},"class_list":["post-4381","page","type-page","status-publish","hentry"],"yoast_head":"<!-- This site is optimized with the Yoast SEO plugin v27.5 - https:\/\/yoast.com\/product\/yoast-seo-wordpress\/ -->\n<title>Actualit\u00e9s RDTS \u2013 Retail, Merchandising &amp; Intelligence Terrain<\/title>\n<meta name=\"description\" content=\"Tendances, \u00e9tudes de cas, \u00e9v\u00e9nements terrain, innovations merchandising... D\u00e9couvrez toute l\u2019actualit\u00e9 RDTS pour mieux performer en magasin.\" \/>\n<meta name=\"robots\" content=\"index, follow, max-snippet:-1, max-image-preview:large, max-video-preview:-1\" \/>\n<link rel=\"canonical\" href=\"https:\/\/rdts.ca\/fr\/actualites\/\" \/>\n<meta property=\"og:locale\" content=\"fr_FR\" \/>\n<meta property=\"og:type\" content=\"article\" \/>\n<meta property=\"og:title\" content=\"Actualit\u00e9s RDTS \u2013 Retail, Merchandising &amp; Intelligence Terrain\" \/>\n<meta property=\"og:description\" content=\"Tendances, \u00e9tudes de cas, \u00e9v\u00e9nements terrain, innovations merchandising... D\u00e9couvrez toute l\u2019actualit\u00e9 RDTS pour mieux performer en magasin.\" \/>\n<meta property=\"og:url\" content=\"https:\/\/rdts.ca\/fr\/actualites\/\" \/>\n<meta property=\"og:site_name\" content=\"RDTS\" \/>\n<meta property=\"article:modified_time\" content=\"2025-06-16T21:42:21+00:00\" \/>\n<meta name=\"twitter:card\" content=\"summary_large_image\" \/>\n<meta name=\"twitter:label1\" content=\"Dur\u00e9e de lecture estim\u00e9e\" \/>\n\t<meta name=\"twitter:data1\" content=\"4 minutes\" \/>\n<script type=\"application\/ld+json\" class=\"yoast-schema-graph\">{\"@context\":\"https:\\\/\\\/schema.org\",\"@graph\":[{\"@type\":\"WebPage\",\"@id\":\"https:\\\/\\\/rdts.ca\\\/fr\\\/actualites\\\/\",\"url\":\"https:\\\/\\\/rdts.ca\\\/fr\\\/actualites\\\/\",\"name\":\"Actualit\u00e9s RDTS \u2013 Retail, Merchandising & Intelligence Terrain\",\"isPartOf\":{\"@id\":\"https:\\\/\\\/rdts.ca\\\/#website\"},\"datePublished\":\"2025-06-16T19:11:34+00:00\",\"dateModified\":\"2025-06-16T21:42:21+00:00\",\"description\":\"Tendances, \u00e9tudes de cas, \u00e9v\u00e9nements terrain, innovations merchandising... D\u00e9couvrez toute l\u2019actualit\u00e9 RDTS pour mieux performer en magasin.\",\"breadcrumb\":{\"@id\":\"https:\\\/\\\/rdts.ca\\\/fr\\\/actualites\\\/#breadcrumb\"},\"inLanguage\":\"fr-FR\",\"potentialAction\":[{\"@type\":\"ReadAction\",\"target\":[\"https:\\\/\\\/rdts.ca\\\/fr\\\/actualites\\\/\"]}]},{\"@type\":\"BreadcrumbList\",\"@id\":\"https:\\\/\\\/rdts.ca\\\/fr\\\/actualites\\\/#breadcrumb\",\"itemListElement\":[{\"@type\":\"ListItem\",\"position\":1,\"name\":\"Home\",\"item\":\"https:\\\/\\\/rdts.ca\\\/fr\\\/\"},{\"@type\":\"ListItem\",\"position\":2,\"name\":\"Actualit\u00e9s\"}]},{\"@type\":\"WebSite\",\"@id\":\"https:\\\/\\\/rdts.ca\\\/#website\",\"url\":\"https:\\\/\\\/rdts.ca\\\/\",\"name\":\"RDTS\",\"description\":\"Merchandising and Sales solutions\",\"potentialAction\":[{\"@type\":\"SearchAction\",\"target\":{\"@type\":\"EntryPoint\",\"urlTemplate\":\"https:\\\/\\\/rdts.ca\\\/?s={search_term_string}\"},\"query-input\":{\"@type\":\"PropertyValueSpecification\",\"valueRequired\":true,\"valueName\":\"search_term_string\"}}],\"inLanguage\":\"fr-FR\"}]}<\/script>\n<!-- \/ Yoast SEO plugin. -->","yoast_head_json":{"title":"Actualit\u00e9s RDTS \u2013 Retail, Merchandising & Intelligence Terrain","description":"Tendances, \u00e9tudes de cas, \u00e9v\u00e9nements terrain, innovations merchandising... D\u00e9couvrez toute l\u2019actualit\u00e9 RDTS pour mieux performer en magasin.","robots":{"index":"index","follow":"follow","max-snippet":"max-snippet:-1","max-image-preview":"max-image-preview:large","max-video-preview":"max-video-preview:-1"},"canonical":"https:\/\/rdts.ca\/fr\/actualites\/","og_locale":"fr_FR","og_type":"article","og_title":"Actualit\u00e9s RDTS \u2013 Retail, Merchandising & Intelligence Terrain","og_description":"Tendances, \u00e9tudes de cas, \u00e9v\u00e9nements terrain, innovations merchandising... D\u00e9couvrez toute l\u2019actualit\u00e9 RDTS pour mieux performer en magasin.","og_url":"https:\/\/rdts.ca\/fr\/actualites\/","og_site_name":"RDTS","article_modified_time":"2025-06-16T21:42:21+00:00","twitter_card":"summary_large_image","twitter_misc":{"Dur\u00e9e de lecture estim\u00e9e":"4 minutes"},"schema":{"@context":"https:\/\/schema.org","@graph":[{"@type":"WebPage","@id":"https:\/\/rdts.ca\/fr\/actualites\/","url":"https:\/\/rdts.ca\/fr\/actualites\/","name":"Actualit\u00e9s RDTS \u2013 Retail, Merchandising & Intelligence Terrain","isPartOf":{"@id":"https:\/\/rdts.ca\/#website"},"datePublished":"2025-06-16T19:11:34+00:00","dateModified":"2025-06-16T21:42:21+00:00","description":"Tendances, \u00e9tudes de cas, \u00e9v\u00e9nements terrain, innovations merchandising... D\u00e9couvrez toute l\u2019actualit\u00e9 RDTS pour mieux performer en magasin.","breadcrumb":{"@id":"https:\/\/rdts.ca\/fr\/actualites\/#breadcrumb"},"inLanguage":"fr-FR","potentialAction":[{"@type":"ReadAction","target":["https:\/\/rdts.ca\/fr\/actualites\/"]}]},{"@type":"BreadcrumbList","@id":"https:\/\/rdts.ca\/fr\/actualites\/#breadcrumb","itemListElement":[{"@type":"ListItem","position":1,"name":"Home","item":"https:\/\/rdts.ca\/fr\/"},{"@type":"ListItem","position":2,"name":"Actualit\u00e9s"}]},{"@type":"WebSite","@id":"https:\/\/rdts.ca\/#website","url":"https:\/\/rdts.ca\/","name":"RDTS","description":"Merchandising and Sales solutions","potentialAction":[{"@type":"SearchAction","target":{"@type":"EntryPoint","urlTemplate":"https:\/\/rdts.ca\/?s={search_term_string}"},"query-input":{"@type":"PropertyValueSpecification","valueRequired":true,"valueName":"search_term_string"}}],"inLanguage":"fr-FR"}]}},"acf":[],"_links":{"self":[{"href":"https:\/\/rdts.ca\/fr\/wp-json\/wp\/v2\/pages\/4381","targetHints":{"allow":["GET"]}}],"collection":[{"href":"https:\/\/rdts.ca\/fr\/wp-json\/wp\/v2\/pages"}],"about":[{"href":"https:\/\/rdts.ca\/fr\/wp-json\/wp\/v2\/types\/page"}],"author":[{"embeddable":true,"href":"https:\/\/rdts.ca\/fr\/wp-json\/wp\/v2\/users\/10"}],"replies":[{"embeddable":true,"href":"https:\/\/rdts.ca\/fr\/wp-json\/wp\/v2\/comments?post=4381"}],"version-history":[{"count":7,"href":"https:\/\/rdts.ca\/fr\/wp-json\/wp\/v2\/pages\/4381\/revisions"}],"predecessor-version":[{"id":4442,"href":"https:\/\/rdts.ca\/fr\/wp-json\/wp\/v2\/pages\/4381\/revisions\/4442"}],"wp:attachment":[{"href":"https:\/\/rdts.ca\/fr\/wp-json\/wp\/v2\/media?parent=4381"}],"curies":[{"name":"wp","href":"https:\/\/api.w.org\/{rel}","templated":true}]}}